{"id":27,"date":"2019-05-24T17:37:37","date_gmt":"2019-05-24T17:37:37","guid":{"rendered":"https:\/\/biovitalpelhrimov.cz\/?page_id=27"},"modified":"2019-06-07T19:53:58","modified_gmt":"2019-06-07T19:53:58","slug":"kontakt","status":"publish","type":"page","link":"https:\/\/biovitalpelhrimov.cz\/?page_id=27","title":{"rendered":"Kontakt"},"content":{"rendered":"\n<p><strong>Adresa: <\/strong><\/p>\n\n\n\n<p>Biovital<br>Pod\u011bbradova 22<br>Pelh\u0159imov<br>393 01<br><\/p>\n\n\n\n<p><strong>Telefon:<\/strong> <br>775 544 553<\/p>\n\n\n\n<p><strong>Otev\u00edrac\u00ed doba: <\/strong><br>Po-P\u00e1 8:30 &#8211; 13:00, 14:00 &#8211; 17:00<br>So: 9:00 &#8211; 11:00<br><br>T\u011b\u0161\u00edme se na Va\u0161i n\u00e1v\u0161t\u011bvu \ud83d\ude42 <\/p>\n\n\n<div id=\"wpgmza_map_1\" class=\"wpgmza_map wpgmza-auto-left\" style=\"display:block;width:100\\%;height:400px;overflow:hidden;position:relative;\" data-map-id=\"1\" data-maps-engine=\"open-layers\" data-build-engine=\"atlas-novus\" data-shortcode-attributes=\"{&quot;id&quot;:&quot;1&quot;,&quot;zoom&quot;:false,&quot;width&quot;:false,&quot;height&quot;:false,&quot;marker&quot;:false,&quot;classname&quot;:false}\" data-settings=\"{&quot;map_title&quot;:&quot;Biovital&quot;,&quot;map_width&quot;:&quot;100&quot;,&quot;map_height&quot;:&quot;400&quot;,&quot;map_start_lat&quot;:&quot;49.429943&quot;,&quot;map_start_lng&quot;:&quot;15.223344&quot;,&quot;map_start_location&quot;:&quot;49.42994320195379,15.223344057449136&quot;,&quot;map_start_zoom&quot;:&quot;18&quot;,&quot;default_marker&quot;:&quot;0&quot;,&quot;type&quot;:&quot;1&quot;,&quot;alignment&quot;:&quot;2&quot;,&quot;directions_enabled&quot;:&quot;1&quot;,&quot;styling_enabled&quot;:&quot;0&quot;,&quot;styling_json&quot;:&quot;&quot;,&quot;active&quot;:&quot;0&quot;,&quot;kml&quot;:&quot;&quot;,&quot;bicycle&quot;:&quot;0&quot;,&quot;traffic&quot;:&quot;0&quot;,&quot;dbox&quot;:&quot;1&quot;,&quot;dbox_width&quot;:&quot;100&quot;,&quot;listmarkers&quot;:&quot;0&quot;,&quot;listmarkers_advanced&quot;:&quot;0&quot;,&quot;filterbycat&quot;:&quot;0&quot;,&quot;ugm_enabled&quot;:&quot;0&quot;,&quot;ugm_category_enabled&quot;:&quot;0&quot;,&quot;fusion&quot;:&quot;&quot;,&quot;map_width_type&quot;:&quot;\\\\%&quot;,&quot;map_height_type&quot;:&quot;px&quot;,&quot;mass_marker_support&quot;:&quot;1&quot;,&quot;ugm_access&quot;:&quot;0&quot;,&quot;order_markers_by&quot;:&quot;1&quot;,&quot;order_markers_choice&quot;:&quot;2&quot;,&quot;show_user_location&quot;:&quot;0&quot;,&quot;default_to&quot;:&quot;&quot;,&quot;store_locator_enabled&quot;:2,&quot;store_locator_distance&quot;:2,&quot;store_locator_default_radius&quot;:&quot;10&quot;,&quot;store_locator_not_found_message&quot;:&quot;No results found in this location. Please try again.&quot;,&quot;store_locator_bounce&quot;:1,&quot;store_locator_query_string&quot;:&quot;ZIP \\\/ Address:&quot;,&quot;store_locator_default_address&quot;:&quot;&quot;,&quot;wpgmza_store_locator_restrict&quot;:&quot;&quot;,&quot;store_locator_style&quot;:&quot;modern&quot;,&quot;wpgmza_store_locator_radius_style&quot;:&quot;modern&quot;,&quot;map_max_zoom&quot;:&quot;1&quot;,&quot;transport_layer&quot;:0,&quot;wpgmza_show_points_of_interest&quot;:0,&quot;wpgmza_auto_night&quot;:0,&quot;id&quot;:1}\" ><\/div>\n","protected":false},"excerpt":{"rendered":"<p>Adresa: BiovitalPod\u011bbradova 22Pelh\u0159imov393 01 Telefon: 775 544 553 Otev\u00edrac\u00ed doba: Po-P\u00e1 8:30 &#8211; 13:00, 14:00 &#8211; 17:00So: 9:00 &#8211; 11:00 T\u011b\u0161\u00edme se na Va\u0161i n\u00e1v\u0161t\u011bvu \ud83d\ude42<\/p>\n","protected":false},"author":1,"featured_media":0,"parent":0,"menu_order":0,"comment_status":"closed","ping_status":"closed","template":"","meta":{"footnotes":""},"class_list":["post-27","page","type-page","status-publish"],"_links":{"self":[{"href":"https:\/\/biovitalpelhrimov.cz\/index.php?rest_route=\/wp\/v2\/pages\/27","targetHints":{"allow":["GET"]}}],"collection":[{"href":"https:\/\/biovitalpelhrimov.cz\/index.php?rest_route=\/wp\/v2\/pages"}],"about":[{"href":"https:\/\/biovitalpelhrimov.cz\/index.php?rest_route=\/wp\/v2\/types\/page"}],"author":[{"embeddable":true,"href":"https:\/\/biovitalpelhrimov.cz\/index.php?rest_route=\/wp\/v2\/users\/1"}],"replies":[{"embeddable":true,"href":"https:\/\/biovitalpelhrimov.cz\/index.php?rest_route=%2Fwp%2Fv2%2Fcomments&post=27"}],"version-history":[{"count":5,"href":"https:\/\/biovitalpelhrimov.cz\/index.php?rest_route=\/wp\/v2\/pages\/27\/revisions"}],"predecessor-version":[{"id":80,"href":"https:\/\/biovitalpelhrimov.cz\/index.php?rest_route=\/wp\/v2\/pages\/27\/revisions\/80"}],"wp:attachment":[{"href":"https:\/\/biovitalpelhrimov.cz\/index.php?rest_route=%2Fwp%2Fv2%2Fmedia&parent=27"}],"curies":[{"name":"wp","href":"https:\/\/api.w.org\/{rel}","templated":true}]}}